{"id":1949,"date":"2024-05-19T13:47:19","date_gmt":"2024-05-19T13:47:19","guid":{"rendered":"http:\/\/sg.local\/?page_id=1949"},"modified":"2024-11-28T11:00:18","modified_gmt":"2024-11-28T11:00:18","slug":"nos-marques","status":"publish","type":"page","link":"https:\/\/palmaryfood.com\/ar_dz\/nos-marques\/","title":{"rendered":"\u0639\u0644\u0627\u0645\u0627\u062a\u0646\u0627 \u0627\u0644\u062a\u062c\u0627\u0631\u064a\u0629"},"content":{"rendered":"<div data-elementor-type=\"wp-page\" data-elementor-id=\"1949\" class=\"elementor elementor-1949\" data-elementor-post-type=\"page\">\n\t\t\t\t<div class=\"elementor-element elementor-element-b09b97f e-grid e-con-boxed e-con e-parent\" data-id=\"b09b97f\" data-element_type=\"container\" data-e-type=\"container\">\n\t\t\t\t\t<div class=\"e-con-inner\">\n\t\t\t\t<div class=\"elementor-element elementor-element-eb88e7e elementor-widget elementor-widget-image\" data-id=\"eb88e7e\" data-element_type=\"widget\" data-e-type=\"widget\" data-widget_type=\"image.default\">\n\t\t\t\t<div class=\"elementor-widget-container\">\n\t\t\t\t\t\t\t\t\t\t\t\t\t\t\t\t<a href=\"https:\/\/palmaryfood.com\/ar_dz\/nos-marques\/moment\/\">\n\t\t\t\t\t\t\t<img fetchpriority=\"high\" decoding=\"async\" width=\"1871\" height=\"1872\" src=\"https:\/\/palmaryfood.com\/wp-content\/uploads\/2024\/05\/Plan-de-travail-4@3x.png\" class=\"attachment-full size-full wp-image-2094\" alt=\"\" srcset=\"https:\/\/palmaryfood.com\/wp-content\/uploads\/2024\/05\/Plan-de-travail-4@3x.png 1871w, https:\/\/palmaryfood.com\/wp-content\/uploads\/2024\/05\/Plan-de-travail-4@3x-300x300.png 300w, https:\/\/palmaryfood.com\/wp-content\/uploads\/2024\/05\/Plan-de-travail-4@3x-1024x1024.png 1024w, https:\/\/palmaryfood.com\/wp-content\/uploads\/2024\/05\/Plan-de-travail-4@3x-150x150.png 150w, https:\/\/palmaryfood.com\/wp-content\/uploads\/2024\/05\/Plan-de-travail-4@3x-768x768.png 768w, https:\/\/palmaryfood.com\/wp-content\/uploads\/2024\/05\/Plan-de-travail-4@3x-1536x1536.png 1536w, https:\/\/palmaryfood.com\/wp-content\/uploads\/2024\/05\/Plan-de-travail-4@3x-12x12.png 12w\" sizes=\"(max-width: 1871px) 100vw, 1871px\" \/>\t\t\t\t\t\t\t\t<\/a>\n\t\t\t\t\t\t\t\t\t\t\t\t\t\t\t<\/div>\n\t\t\t\t<\/div>\n\t\t\t\t<div class=\"elementor-element elementor-element-5db441f elementor-widget elementor-widget-image\" data-id=\"5db441f\" data-element_type=\"widget\" data-e-type=\"widget\" data-widget_type=\"image.default\">\n\t\t\t\t<div class=\"elementor-widget-container\">\n\t\t\t\t\t\t\t\t\t\t\t\t\t\t\t\t<a href=\"https:\/\/palmaryfood.com\/ar_dz\/nos-marques\/le-dore\/\">\n\t\t\t\t\t\t\t<img decoding=\"async\" width=\"800\" height=\"800\" src=\"https:\/\/palmaryfood.com\/wp-content\/uploads\/2024\/05\/Plan-de-travail-9@3x-1024x1024.png\" class=\"attachment-large size-large wp-image-2087\" alt=\"\" srcset=\"https:\/\/palmaryfood.com\/wp-content\/uploads\/2024\/05\/Plan-de-travail-9@3x-1024x1024.png 1024w, https:\/\/palmaryfood.com\/wp-content\/uploads\/2024\/05\/Plan-de-travail-9@3x-300x300.png 300w, https:\/\/palmaryfood.com\/wp-content\/uploads\/2024\/05\/Plan-de-travail-9@3x-150x150.png 150w, https:\/\/palmaryfood.com\/wp-content\/uploads\/2024\/05\/Plan-de-travail-9@3x-768x768.png 768w, https:\/\/palmaryfood.com\/wp-content\/uploads\/2024\/05\/Plan-de-travail-9@3x-1536x1536.png 1536w, https:\/\/palmaryfood.com\/wp-content\/uploads\/2024\/05\/Plan-de-travail-9@3x-12x12.png 12w, https:\/\/palmaryfood.com\/wp-content\/uploads\/2024\/05\/Plan-de-travail-9@3x.png 1872w\" sizes=\"(max-width: 800px) 100vw, 800px\" \/>\t\t\t\t\t\t\t\t<\/a>\n\t\t\t\t\t\t\t\t\t\t\t\t\t\t\t<\/div>\n\t\t\t\t<\/div>\n\t\t\t\t<div class=\"elementor-element elementor-element-49c5fb1 elementor-widget elementor-widget-image\" data-id=\"49c5fb1\" data-element_type=\"widget\" data-e-type=\"widget\" data-widget_type=\"image.default\">\n\t\t\t\t<div class=\"elementor-widget-container\">\n\t\t\t\t\t\t\t\t\t\t\t\t\t\t\t\t<a href=\"https:\/\/palmaryfood.com\/ar_dz\/nos-marques\/el-taj\/\">\n\t\t\t\t\t\t\t<img decoding=\"async\" width=\"256\" height=\"256\" src=\"https:\/\/palmaryfood.com\/wp-content\/uploads\/2024\/07\/tadj-logo-palmary.png\" class=\"attachment-large size-large wp-image-5692\" alt=\"\" srcset=\"https:\/\/palmaryfood.com\/wp-content\/uploads\/2024\/07\/tadj-logo-palmary.png 256w, https:\/\/palmaryfood.com\/wp-content\/uploads\/2024\/07\/tadj-logo-palmary-150x150.png 150w, https:\/\/palmaryfood.com\/wp-content\/uploads\/2024\/07\/tadj-logo-palmary-12x12.png 12w\" sizes=\"(max-width: 256px) 100vw, 256px\" \/>\t\t\t\t\t\t\t\t<\/a>\n\t\t\t\t\t\t\t\t\t\t\t\t\t\t\t<\/div>\n\t\t\t\t<\/div>\n\t\t\t\t<div class=\"elementor-element elementor-element-1dbcc67 elementor-widget elementor-widget-image\" data-id=\"1dbcc67\" data-element_type=\"widget\" data-e-type=\"widget\" data-widget_type=\"image.default\">\n\t\t\t\t<div class=\"elementor-widget-container\">\n\t\t\t\t\t\t\t\t\t\t\t\t\t\t\t\t<a href=\"https:\/\/palmaryfood.com\/ar_dz\/nos-marques\/maxon\/\">\n\t\t\t\t\t\t\t<img loading=\"lazy\" decoding=\"async\" width=\"256\" height=\"256\" src=\"https:\/\/palmaryfood.com\/wp-content\/uploads\/2024\/07\/LogoPalmary.png\" class=\"attachment-large size-large wp-image-5682\" alt=\"\" srcset=\"https:\/\/palmaryfood.com\/wp-content\/uploads\/2024\/07\/LogoPalmary.png 256w, https:\/\/palmaryfood.com\/wp-content\/uploads\/2024\/07\/LogoPalmary-150x150.png 150w, https:\/\/palmaryfood.com\/wp-content\/uploads\/2024\/07\/LogoPalmary-12x12.png 12w\" sizes=\"(max-width: 256px) 100vw, 256px\" \/>\t\t\t\t\t\t\t\t<\/a>\n\t\t\t\t\t\t\t\t\t\t\t\t\t\t\t<\/div>\n\t\t\t\t<\/div>\n\t\t\t\t<div class=\"elementor-element elementor-element-0af0d0b elementor-hidden-desktop elementor-hidden-tablet elementor-hidden-mobile elementor-widget elementor-widget-image\" data-id=\"0af0d0b\" data-element_type=\"widget\" data-e-type=\"widget\" data-widget_type=\"image.default\">\n\t\t\t\t<div class=\"elementor-widget-container\">\n\t\t\t\t\t\t\t\t\t\t\t\t\t\t\t\t<a href=\"https:\/\/palmaryfood.com\/ar_dz\/nos-marques\/palmary\/\">\n\t\t\t\t\t\t\t<img loading=\"lazy\" decoding=\"async\" width=\"800\" height=\"800\" src=\"https:\/\/palmaryfood.com\/wp-content\/uploads\/2024\/05\/Plan-de-travail-5@3x-1024x1024.png\" class=\"attachment-large size-large wp-image-2093\" alt=\"\" srcset=\"https:\/\/palmaryfood.com\/wp-content\/uploads\/2024\/05\/Plan-de-travail-5@3x-1024x1024.png 1024w, https:\/\/palmaryfood.com\/wp-content\/uploads\/2024\/05\/Plan-de-travail-5@3x-300x300.png 300w, https:\/\/palmaryfood.com\/wp-content\/uploads\/2024\/05\/Plan-de-travail-5@3x-150x150.png 150w, https:\/\/palmaryfood.com\/wp-content\/uploads\/2024\/05\/Plan-de-travail-5@3x-768x768.png 768w, https:\/\/palmaryfood.com\/wp-content\/uploads\/2024\/05\/Plan-de-travail-5@3x-1536x1536.png 1536w, https:\/\/palmaryfood.com\/wp-content\/uploads\/2024\/05\/Plan-de-travail-5@3x-12x12.png 12w, https:\/\/palmaryfood.com\/wp-content\/uploads\/2024\/05\/Plan-de-travail-5@3x.png 1872w\" sizes=\"(max-width: 800px) 100vw, 800px\" \/>\t\t\t\t\t\t\t\t<\/a>\n\t\t\t\t\t\t\t\t\t\t\t\t\t\t\t<\/div>\n\t\t\t\t<\/div>\n\t\t\t\t<div class=\"elementor-element elementor-element-ca8ea6e elementor-hidden-desktop elementor-hidden-tablet elementor-hidden-mobile elementor-widget elementor-widget-image\" data-id=\"ca8ea6e\" data-element_type=\"widget\" data-e-type=\"widget\" data-widget_type=\"image.default\">\n\t\t\t\t<div class=\"elementor-widget-container\">\n\t\t\t\t\t\t\t\t\t\t\t\t\t\t\t\t<a href=\"https:\/\/palmaryfood.com\/ar_dz\/nos-marques\/kool\/\">\n\t\t\t\t\t\t\t<img loading=\"lazy\" decoding=\"async\" width=\"800\" height=\"800\" src=\"https:\/\/palmaryfood.com\/wp-content\/uploads\/2024\/05\/Plan-de-travail-2@3x-1024x1024.png\" class=\"attachment-large size-large wp-image-2092\" alt=\"\" srcset=\"https:\/\/palmaryfood.com\/wp-content\/uploads\/2024\/05\/Plan-de-travail-2@3x-1024x1024.png 1024w, https:\/\/palmaryfood.com\/wp-content\/uploads\/2024\/05\/Plan-de-travail-2@3x-300x300.png 300w, https:\/\/palmaryfood.com\/wp-content\/uploads\/2024\/05\/Plan-de-travail-2@3x-150x150.png 150w, https:\/\/palmaryfood.com\/wp-content\/uploads\/2024\/05\/Plan-de-travail-2@3x-768x768.png 768w, https:\/\/palmaryfood.com\/wp-content\/uploads\/2024\/05\/Plan-de-travail-2@3x-1536x1536.png 1536w, https:\/\/palmaryfood.com\/wp-content\/uploads\/2024\/05\/Plan-de-travail-2@3x-12x12.png 12w, https:\/\/palmaryfood.com\/wp-content\/uploads\/2024\/05\/Plan-de-travail-2@3x.png 1872w\" sizes=\"(max-width: 800px) 100vw, 800px\" \/>\t\t\t\t\t\t\t\t<\/a>\n\t\t\t\t\t\t\t\t\t\t\t\t\t\t\t<\/div>\n\t\t\t\t<\/div>\n\t\t\t\t<div class=\"elementor-element elementor-element-fa0934d elementor-hidden-desktop elementor-hidden-tablet elementor-hidden-mobile elementor-widget elementor-widget-image\" data-id=\"fa0934d\" data-element_type=\"widget\" data-e-type=\"widget\" data-widget_type=\"image.default\">\n\t\t\t\t<div class=\"elementor-widget-container\">\n\t\t\t\t\t\t\t\t\t\t\t\t\t\t\t\t<a href=\"https:\/\/palmaryfood.com\/ar_dz\/nos-marques\/regalo\/\">\n\t\t\t\t\t\t\t<img loading=\"lazy\" decoding=\"async\" width=\"800\" height=\"800\" src=\"https:\/\/palmaryfood.com\/wp-content\/uploads\/2024\/05\/Plan-de-travail-3@3x-1024x1024.png\" class=\"attachment-large size-large wp-image-2091\" alt=\"\" srcset=\"https:\/\/palmaryfood.com\/wp-content\/uploads\/2024\/05\/Plan-de-travail-3@3x-1024x1024.png 1024w, https:\/\/palmaryfood.com\/wp-content\/uploads\/2024\/05\/Plan-de-travail-3@3x-300x300.png 300w, https:\/\/palmaryfood.com\/wp-content\/uploads\/2024\/05\/Plan-de-travail-3@3x-150x150.png 150w, https:\/\/palmaryfood.com\/wp-content\/uploads\/2024\/05\/Plan-de-travail-3@3x-768x768.png 768w, https:\/\/palmaryfood.com\/wp-content\/uploads\/2024\/05\/Plan-de-travail-3@3x-1536x1536.png 1536w, https:\/\/palmaryfood.com\/wp-content\/uploads\/2024\/05\/Plan-de-travail-3@3x-12x12.png 12w, https:\/\/palmaryfood.com\/wp-content\/uploads\/2024\/05\/Plan-de-travail-3@3x.png 1872w\" sizes=\"(max-width: 800px) 100vw, 800px\" \/>\t\t\t\t\t\t\t\t<\/a>\n\t\t\t\t\t\t\t\t\t\t\t\t\t\t\t<\/div>\n\t\t\t\t<\/div>\n\t\t\t\t<div class=\"elementor-element elementor-element-c78b95d elementor-hidden-desktop elementor-hidden-tablet elementor-hidden-mobile elementor-widget elementor-widget-image\" data-id=\"c78b95d\" data-element_type=\"widget\" data-e-type=\"widget\" data-widget_type=\"image.default\">\n\t\t\t\t<div class=\"elementor-widget-container\">\n\t\t\t\t\t\t\t\t\t\t\t\t\t\t\t\t<a href=\"https:\/\/palmaryfood.com\/ar_dz\/nos-marques\/palmary\/\">\n\t\t\t\t\t\t\t<img loading=\"lazy\" decoding=\"async\" width=\"800\" height=\"800\" src=\"https:\/\/palmaryfood.com\/wp-content\/uploads\/2024\/05\/Plan-de-travail-1@3x-1024x1024.png\" class=\"attachment-large size-large wp-image-2090\" alt=\"\" srcset=\"https:\/\/palmaryfood.com\/wp-content\/uploads\/2024\/05\/Plan-de-travail-1@3x-1024x1024.png 1024w, https:\/\/palmaryfood.com\/wp-content\/uploads\/2024\/05\/Plan-de-travail-1@3x-300x300.png 300w, https:\/\/palmaryfood.com\/wp-content\/uploads\/2024\/05\/Plan-de-travail-1@3x-150x150.png 150w, https:\/\/palmaryfood.com\/wp-content\/uploads\/2024\/05\/Plan-de-travail-1@3x-768x768.png 768w, https:\/\/palmaryfood.com\/wp-content\/uploads\/2024\/05\/Plan-de-travail-1@3x-1536x1536.png 1536w, https:\/\/palmaryfood.com\/wp-content\/uploads\/2024\/05\/Plan-de-travail-1@3x-12x12.png 12w, https:\/\/palmaryfood.com\/wp-content\/uploads\/2024\/05\/Plan-de-travail-1@3x.png 1872w\" sizes=\"(max-width: 800px) 100vw, 800px\" \/>\t\t\t\t\t\t\t\t<\/a>\n\t\t\t\t\t\t\t\t\t\t\t\t\t\t\t<\/div>\n\t\t\t\t<\/div>\n\t\t\t\t<div class=\"elementor-element elementor-element-4ce1e11 elementor-hidden-desktop elementor-hidden-tablet elementor-hidden-mobile elementor-widget elementor-widget-image\" data-id=\"4ce1e11\" data-element_type=\"widget\" data-e-type=\"widget\" data-widget_type=\"image.default\">\n\t\t\t\t<div class=\"elementor-widget-container\">\n\t\t\t\t\t\t\t\t\t\t\t\t\t\t\t\t<a href=\"https:\/\/palmaryfood.com\/ar_dz\/nos-marques\/happy\/\">\n\t\t\t\t\t\t\t<img loading=\"lazy\" decoding=\"async\" width=\"800\" height=\"800\" src=\"https:\/\/palmaryfood.com\/wp-content\/uploads\/2024\/05\/Plan-de-travail-7-copie@3x-1024x1024.png\" class=\"attachment-large size-large wp-image-2088\" alt=\"\" srcset=\"https:\/\/palmaryfood.com\/wp-content\/uploads\/2024\/05\/Plan-de-travail-7-copie@3x-1024x1024.png 1024w, https:\/\/palmaryfood.com\/wp-content\/uploads\/2024\/05\/Plan-de-travail-7-copie@3x-300x300.png 300w, https:\/\/palmaryfood.com\/wp-content\/uploads\/2024\/05\/Plan-de-travail-7-copie@3x-150x150.png 150w, https:\/\/palmaryfood.com\/wp-content\/uploads\/2024\/05\/Plan-de-travail-7-copie@3x-768x768.png 768w, https:\/\/palmaryfood.com\/wp-content\/uploads\/2024\/05\/Plan-de-travail-7-copie@3x-1536x1536.png 1536w, https:\/\/palmaryfood.com\/wp-content\/uploads\/2024\/05\/Plan-de-travail-7-copie@3x-12x12.png 12w, https:\/\/palmaryfood.com\/wp-content\/uploads\/2024\/05\/Plan-de-travail-7-copie@3x.png 1871w\" sizes=\"(max-width: 800px) 100vw, 800px\" \/>\t\t\t\t\t\t\t\t<\/a>\n\t\t\t\t\t\t\t\t\t\t\t\t\t\t\t<\/div>\n\t\t\t\t<\/div>\n\t\t\t\t<div class=\"elementor-element elementor-element-907172a elementor-hidden-desktop elementor-hidden-tablet elementor-hidden-mobile AZ32 elementor-widget elementor-widget-image\" data-id=\"907172a\" data-element_type=\"widget\" data-e-type=\"widget\" data-widget_type=\"image.default\">\n\t\t\t\t<div class=\"elementor-widget-container\">\n\t\t\t\t\t\t\t\t\t\t\t\t\t\t\t\t<a href=\"https:\/\/palmaryfood.com\/ar_dz\/nos-marques\/magma\/\">\n\t\t\t\t\t\t\t<img loading=\"lazy\" decoding=\"async\" width=\"256\" height=\"256\" src=\"https:\/\/palmaryfood.com\/wp-content\/uploads\/2024\/11\/20241107_Magma_Expo_LOGO.png\" class=\"attachment-large size-large wp-image-10181\" alt=\"\" srcset=\"https:\/\/palmaryfood.com\/wp-content\/uploads\/2024\/11\/20241107_Magma_Expo_LOGO.png 256w, https:\/\/palmaryfood.com\/wp-content\/uploads\/2024\/11\/20241107_Magma_Expo_LOGO-150x150.png 150w, https:\/\/palmaryfood.com\/wp-content\/uploads\/2024\/11\/20241107_Magma_Expo_LOGO-12x12.png 12w\" sizes=\"(max-width: 256px) 100vw, 256px\" \/>\t\t\t\t\t\t\t\t<\/a>\n\t\t\t\t\t\t\t\t\t\t\t\t\t\t\t<\/div>\n\t\t\t\t<\/div>\n\t\t\t\t\t<\/div>\n\t\t\t\t<\/div>\n\t\t<div class=\"elementor-element elementor-element-cc0b338 e-flex e-con-boxed e-con e-parent\" data-id=\"cc0b338\" data-element_type=\"container\" data-e-type=\"container\">\n\t\t\t\t\t<div class=\"e-con-inner\">\n\t\t\t\t<div class=\"elementor-element elementor-element-9efd246 elementor-widget-mobile__width-initial elementor-widget-divider--view-line elementor-widget elementor-widget-divider\" data-id=\"9efd246\" data-element_type=\"widget\" data-e-type=\"widget\" data-widget_type=\"divider.default\">\n\t\t\t\t<div class=\"elementor-widget-container\">\n\t\t\t\t\t\t\t<div class=\"elementor-divider\">\n\t\t\t<span class=\"elementor-divider-separator\">\n\t\t\t\t\t\t<\/span>\n\t\t<\/div>\n\t\t\t\t\t\t<\/div>\n\t\t\t\t<\/div>\n\t\t\t\t<div class=\"elementor-element elementor-element-f2c0369 elementor-widget__width-initial elementor-widget elementor-widget-button\" data-id=\"f2c0369\" data-element_type=\"widget\" data-e-type=\"widget\" id=\"showbrand\" data-widget_type=\"button.default\">\n\t\t\t\t<div class=\"elementor-widget-container\">\n\t\t\t\t\t\t\t\t\t<div class=\"elementor-button-wrapper\">\n\t\t\t\t\t<a class=\"elementor-button elementor-button-link elementor-size-sm\" href=\"#\">\n\t\t\t\t\t\t<span class=\"elementor-button-content-wrapper\">\n\t\t\t\t\t\t\t\t\t<span class=\"elementor-button-text\">\u0634\u0627\u0647\u062f \u062c\u0645\u064a\u0639 \u0639\u0644\u0627\u0645\u0627\u062a\u0646\u0627 \u0627\u0644\u062a\u062c\u0627\u0631\u064a\u0629<\/span>\n\t\t\t\t\t<\/span>\n\t\t\t\t\t<\/a>\n\t\t\t\t<\/div>\n\t\t\t\t\t\t\t\t<\/div>\n\t\t\t\t<\/div>\n\t\t\t\t\t<\/div>\n\t\t\t\t<\/div>\n\t\t<div class=\"elementor-element elementor-element-87de9a5 e-flex e-con-boxed e-con e-parent\" data-id=\"87de9a5\" data-element_type=\"container\" data-e-type=\"container\">\n\t\t\t\t\t<div class=\"e-con-inner\">\n\t\t\t\t<div class=\"elementor-element elementor-element-c6df25c elementor-widget elementor-widget-html\" data-id=\"c6df25c\" data-element_type=\"widget\" data-e-type=\"widget\" data-widget_type=\"html.default\">\n\t\t\t\t<div class=\"elementor-widget-container\">\n\t\t\t\t\t<script>\r\n    document.getElementById('showbrand').addEventListener('click', function() {\r\n        var elementsToToggle = [\r\n            'elementor-element-c78b95d',\r\n            'elementor-element-fa0934d',\r\n            'elementor-element-ca8ea6e',\r\n            'elementor-element-4ce1e11',\r\n            'AZ32'\r\n        ];\r\n\r\n        var allDisplayed = true;\r\n\r\n        elementsToToggle.forEach(function(className) {\r\n            var elements = document.getElementsByClassName(className);\r\n            for (var i = 0; i < elements.length; i++) {\r\n                if (elements[i].style.display === 'none' || elements[i].style.display === '') {\r\n                    elements[i].style.display = 'block';\r\n                } else {\r\n                    elements[i].style.display = 'none';\r\n                    allDisplayed = false;\r\n                }\r\n            }\r\n        });\r\n\r\n        \/\/ S\u00e9lectionne l'\u00e9l\u00e9ment texte que nous voulons changer\r\n        var textElement = document.querySelector('#showbrand > div > div > a > span > span');\r\n        \r\n        \/\/ Change le texte en fonction de l'\u00e9tat d'affichage des \u00e9l\u00e9ments\r\n        if (allDisplayed) {\r\n            textElement.textContent = \"Voir moins de marques\";\r\n        } else {\r\n            textElement.textContent = \"Voir plus de marques\"; \/\/ ou le texte initial\r\n        }\r\n    });\r\n<\/script>\r\n\t\t\t\t<\/div>\n\t\t\t\t<\/div>\n\t\t\t\t\t<\/div>\n\t\t\t\t<\/div>\n\t\t\t\t<\/div>","protected":false},"excerpt":{"rendered":"<p>\u0634\u0627\u0647\u062f \u062c\u0645\u064a\u0639 \u0639\u0644\u0627\u0645\u0627\u062a\u0646\u0627 \u0627\u0644\u062a\u062c\u0627\u0631\u064a\u0629<\/p>","protected":false},"author":1,"featured_media":0,"parent":0,"menu_order":0,"comment_status":"closed","ping_status":"closed","template":"","meta":{"footnotes":""},"class_list":["post-1949","page","type-page","status-publish","hentry"],"_links":{"self":[{"href":"https:\/\/palmaryfood.com\/ar_dz\/wp-json\/wp\/v2\/pages\/1949","targetHints":{"allow":["GET"]}}],"collection":[{"href":"https:\/\/palmaryfood.com\/ar_dz\/wp-json\/wp\/v2\/pages"}],"about":[{"href":"https:\/\/palmaryfood.com\/ar_dz\/wp-json\/wp\/v2\/types\/page"}],"author":[{"embeddable":true,"href":"https:\/\/palmaryfood.com\/ar_dz\/wp-json\/wp\/v2\/users\/1"}],"replies":[{"embeddable":true,"href":"https:\/\/palmaryfood.com\/ar_dz\/wp-json\/wp\/v2\/comments?post=1949"}],"version-history":[{"count":538,"href":"https:\/\/palmaryfood.com\/ar_dz\/wp-json\/wp\/v2\/pages\/1949\/revisions"}],"predecessor-version":[{"id":10184,"href":"https:\/\/palmaryfood.com\/ar_dz\/wp-json\/wp\/v2\/pages\/1949\/revisions\/10184"}],"wp:attachment":[{"href":"https:\/\/palmaryfood.com\/ar_dz\/wp-json\/wp\/v2\/media?parent=1949"}],"curies":[{"name":"wp","href":"https:\/\/api.w.org\/{rel}","templated":true}]}}