{"id":93,"date":"2024-02-24T22:31:04","date_gmt":"2024-02-24T22:31:04","guid":{"rendered":"http:\/\/sg.local\/?page_id=93"},"modified":"2025-01-28T09:48:56","modified_gmt":"2025-01-28T09:48:56","slug":"export","status":"publish","type":"page","link":"https:\/\/palmaryfood.com\/ar_dz\/export\/","title":{"rendered":"\u0627\u0644\u062a\u0635\u062f\u064a\u0631"},"content":{"rendered":"<div data-elementor-type=\"wp-page\" data-elementor-id=\"93\" class=\"elementor elementor-93\" data-elementor-post-type=\"page\">\n\t\t\t\t<div class=\"elementor-element elementor-element-ace9da4 e-flex e-con-boxed e-con e-parent\" data-id=\"ace9da4\" data-element_type=\"container\" data-e-type=\"container\">\n\t\t\t\t\t<div class=\"e-con-inner\">\n\t\t\t\t<div class=\"elementor-element elementor-element-f243917 elementor-widget__width-initial elementor-widget elementor-widget-elementskit-heading\" data-id=\"f243917\" data-element_type=\"widget\" data-e-type=\"widget\" data-widget_type=\"elementskit-heading.default\">\n\t\t\t\t<div class=\"elementor-widget-container\">\n\t\t\t\t\t<div class=\"ekit-wid-con\" ><div class=\"ekit-heading elementskit-section-title-wraper text_center   ekit_heading_tablet-   ekit_heading_mobile-\"><h2 class=\"ekit-heading--title elementskit-section-title\">\u0644\u0630\u0651\u0629 \u0639\u0627\u0644\u0645\u064a\u0651\u0629<\/h2><h3 class=\"ekit-heading--subtitle elementskit-section-subtitle\">\n\t\t\t\t\t\t\u0645\u0646\u0630 2009 \u0648 \u062e\u0627\u0631\u062c \u062d\u062f\u0648\u062f \u0627\u0644\u0633\u0648\u0642 \u0627\u0644\u0645\u062d\u0644\u0651\u064a\u0651\u0629\u060c \u0645\u062c\u0645\u0651\u0639 \"\u0628\u0627\u0644\u0645\u0627\u0631\u064a\" \u0645\u0644\u062a\u0632\u0645 \u062a\u0645\u0627\u0645\u0627 \u0628\u0627\u0633\u062a\u0631\u0627\u062a\u064a\u062c\u064a\u0651\u062a\u0647 \u0627\u0644\u062a\u0635\u062f\u064a\u0631\u064a\u0629 \u0627\u0644\u0637\u0645\u0648\u062d\u0629\u060c \u0648 \u0627\u0644\u062a\u064a \u062a\u062c\u0639\u0644\u0647 \u064a\u062a\u0623\u0644\u0651\u0642 \u0641\u064a \u0623\u0643\u062b\u0631 \u0645\u0646 30 \u062f\u0648\u0644\u0629 \u062d\u0648\u0644 \u0627\u0644\u0639\u0627\u0644\u0645.\n\t\t\t\t\t<\/h3><\/div><\/div>\t\t\t\t<\/div>\n\t\t\t\t<\/div>\n\t\t\t\t\t<\/div>\n\t\t\t\t<\/div>\n\t\t<div class=\"elementor-element elementor-element-e8982b6 e-flex e-con-boxed e-con e-parent\" data-id=\"e8982b6\" data-element_type=\"container\" data-e-type=\"container\" data-settings=\"{&quot;background_background&quot;:&quot;classic&quot;}\">\n\t\t\t\t\t<div class=\"e-con-inner\">\n\t\t\t\t<div class=\"elementor-element elementor-element-989cd2e elementor-widget__width-initial elementor-widget elementor-widget-text-editor\" data-id=\"989cd2e\" data-element_type=\"widget\" data-e-type=\"widget\" data-widget_type=\"text-editor.default\">\n\t\t\t\t<div class=\"elementor-widget-container\">\n\t\t\t\t\t\t\t\t\t<p>\u0645\u0639 \u062d\u0636\u0648\u0631 \u0642\u0648\u064a \u0641\u064a \u0625\u0641\u0631\u064a\u0642\u064a\u0627 \u0648 \u0641\u064a \u0645\u0646\u0637\u0642\u0629 \u0634\u0645\u0627\u0644 \u0625\u0641\u0631\u064a\u0642\u064a\u0627 \u0648 \u0627\u0644\u0634\u0631\u0642 \u0627\u0644\u0623\u0648\u0633\u0637\u060c \u064a\u0635\u062f\u0651\u0631 \u0645\u062c\u0645\u0651\u0639 \"\u0628\u0627\u0644\u0645\u0627\u0631\u064a\" \u0646\u062d\u0648 \u0627\u0644\u0639\u062f\u064a\u062f \u0645\u0646 \u0627\u0644\u0648\u062c\u0647\u0627\u062a\u060c \u0645\u0633\u0627\u0647\u0645\u0627 \u0628\u0630\u0644\u0643 \u0641\u064a \u062a\u0646\u0648\u064a\u0639 \u0625\u064a\u0631\u0627\u062f\u0627\u062a\u0647 \u0648 \u062a\u0639\u0632\u064a\u0632 \u0645\u0648\u0642\u0639\u0647 \u0639\u0644\u0649 \u0627\u0644\u0645\u0633\u0631\u062d \u0627\u0644\u062f\u0648\u0644\u064a.<br \/>\u0643\u0645\u0627 \u062a\u062a\u0646\u0648\u0651\u0639 \u0623\u0633\u0648\u0627\u0642 \u0627\u0644\u0645\u062c\u0645\u0651\u0639 \u062d\u064a\u062b \u0646\u062c\u062f \u0639\u0644\u0627\u0645\u0627\u062a\u0647 \u062d\u0627\u0636\u0631\u0629 \u0641\u064a \u0623\u0646\u063a\u0648\u0644\u0627\u060c \u0627\u0644\u0625\u0645\u0627\u0631\u0627\u062a \u0627\u0644\u0639\u0631\u0628\u064a\u0629 \u0627\u0644\u0645\u062a\u0651\u062d\u062f\u0629\u060c \u0645\u0631\u0648\u0631\u0627 \u0628\u0643\u0646\u062f\u0627 \u0648 \u0647\u0648\u0644\u0646\u062f\u0627. \u064a\u0639\u0643\u0633 \u0647\u0630\u0627 \u0627\u0644\u062d\u0636\u0648\u0631 \u0627\u0644\u062f\u0648\u0644\u064a \u0642\u062f\u0631\u062a\u0646\u0627 \u0639\u0644\u0649 \u0627\u0644\u062a\u0623\u0642\u0644\u0645 \u0645\u0639 \u062e\u0635\u0648\u0635\u064a\u0627\u062a \u0643\u0644 \u0633\u0648\u0642 \u0648 \u0627\u0633\u062a\u062c\u0627\u0628\u062a\u0646\u0627 \u0644\u0644\u0645\u062a\u0637\u0644\u0628\u0627\u062a \u0627\u0644\u0646\u0648\u0639\u064a\u0651\u0629 \u0644\u0644\u0645\u0633\u062a\u0647\u0644\u0643\u064a\u0646 \u062d\u0648\u0644 \u0627\u0644\u0639\u0627\u0644\u0645.<br \/>\u064a\u0639\u062a\u0628\u0631 \u0627\u0644\u062a\u0635\u062f\u064a\u0631 \u0628\u0627\u0644\u0646\u0633\u0628\u0629 \u0644\u0645\u062c\u0645\u0651\u0639 \"\u0628\u0627\u0644\u0645\u0627\u0631\u064a\" \u0623\u0643\u062b\u0631 \u0645\u0646 \u0645\u062c\u0631\u0651\u062f \u0646\u0634\u0627\u0637 \u062a\u062c\u0627\u0631\u064a\u060c \u0625\u0646\u0651\u0647 \u0627\u0644\u062a\u0632\u0627\u0645 \u0646\u062d\u0648 \u0627\u0644\u0627\u0645\u062a\u064a\u0627\u0632 \u0648 \u0627\u0644\u0627\u0628\u062a\u0643\u0627\u0631\u060c \u064a\u062f\u0639\u0645\u0647 \u0641\u0631\u064a\u0642 \u0645\u062e\u0644\u0635 \u0648 \u0634\u063a\u0648\u0641.<\/p>\t\t\t\t\t\t\t\t<\/div>\n\t\t\t\t<\/div>\n\t\t\t\t<div class=\"elementor-element elementor-element-8fcab30 elementor-widget__width-inherit elementor-align-center elementor-widget elementor-widget-button\" data-id=\"8fcab30\" data-element_type=\"widget\" data-e-type=\"widget\" data-widget_type=\"button.default\">\n\t\t\t\t<div class=\"elementor-widget-container\">\n\t\t\t\t\t\t\t\t\t<div class=\"elementor-button-wrapper\">\n\t\t\t\t\t<a class=\"elementor-button elementor-button-link elementor-size-sm\" href=\"https:\/\/palmaryfood.com\/ar_dz\/cooperation-2\/\">\n\t\t\t\t\t\t<span class=\"elementor-button-content-wrapper\">\n\t\t\t\t\t\t\t\t\t<span class=\"elementor-button-text\">\u064a\u062a\u0639\u0627\u0648\u0646<\/span>\n\t\t\t\t\t<\/span>\n\t\t\t\t\t<\/a>\n\t\t\t\t<\/div>\n\t\t\t\t\t\t\t\t<\/div>\n\t\t\t\t<\/div>\n\t\t\t\t\t<\/div>\n\t\t\t\t<\/div>\n\t\t\t\t<\/div>","protected":false},"excerpt":{"rendered":"<p>Globalement d\u00e9licieux Depuis 2009, au-del\u00e0 des fronti\u00e8res de son march\u00e9 domestique, le groupe Palmary est r\u00e9solument engag\u00e9 dans une strat\u00e9gie d&#039;exportation ambitieuse, rayonnant d\u00e9sormais dans plus de 30 pays \u00e0 travers le monde. Avec une pr\u00e9sence particuli\u00e8rement forte en Afrique et dans la r\u00e9gion MENA, le groupe Palmary exporte vers une multitude de destinations, contribuant [&hellip;]<\/p>","protected":false},"author":1,"featured_media":0,"parent":0,"menu_order":0,"comment_status":"closed","ping_status":"closed","template":"","meta":{"footnotes":""},"class_list":["post-93","page","type-page","status-publish","hentry"],"_links":{"self":[{"href":"https:\/\/palmaryfood.com\/ar_dz\/wp-json\/wp\/v2\/pages\/93","targetHints":{"allow":["GET"]}}],"collection":[{"href":"https:\/\/palmaryfood.com\/ar_dz\/wp-json\/wp\/v2\/pages"}],"about":[{"href":"https:\/\/palmaryfood.com\/ar_dz\/wp-json\/wp\/v2\/types\/page"}],"author":[{"embeddable":true,"href":"https:\/\/palmaryfood.com\/ar_dz\/wp-json\/wp\/v2\/users\/1"}],"replies":[{"embeddable":true,"href":"https:\/\/palmaryfood.com\/ar_dz\/wp-json\/wp\/v2\/comments?post=93"}],"version-history":[{"count":339,"href":"https:\/\/palmaryfood.com\/ar_dz\/wp-json\/wp\/v2\/pages\/93\/revisions"}],"predecessor-version":[{"id":11060,"href":"https:\/\/palmaryfood.com\/ar_dz\/wp-json\/wp\/v2\/pages\/93\/revisions\/11060"}],"wp:attachment":[{"href":"https:\/\/palmaryfood.com\/ar_dz\/wp-json\/wp\/v2\/media?parent=93"}],"curies":[{"name":"wp","href":"https:\/\/api.w.org\/{rel}","templated":true}]}}