{"id":93,"date":"2024-02-24T22:31:04","date_gmt":"2024-02-24T22:31:04","guid":{"rendered":"http:\/\/sg.local\/?page_id=93"},"modified":"2025-01-28T09:48:56","modified_gmt":"2025-01-28T09:48:56","slug":"export","status":"publish","type":"page","link":"https:\/\/palmaryfood.com\/en\/export\/","title":{"rendered":"Export"},"content":{"rendered":"<div data-elementor-type=\"wp-page\" data-elementor-id=\"93\" class=\"elementor elementor-93\" data-elementor-post-type=\"page\">\n\t\t\t\t<div class=\"elementor-element elementor-element-ace9da4 e-flex e-con-boxed e-con e-parent\" data-id=\"ace9da4\" data-element_type=\"container\" data-e-type=\"container\">\n\t\t\t\t\t<div class=\"e-con-inner\">\n\t\t\t\t<div class=\"elementor-element elementor-element-f243917 elementor-widget__width-initial elementor-widget elementor-widget-elementskit-heading\" data-id=\"f243917\" data-element_type=\"widget\" data-e-type=\"widget\" data-widget_type=\"elementskit-heading.default\">\n\t\t\t\t<div class=\"elementor-widget-container\">\n\t\t\t\t\t<div class=\"ekit-wid-con\" ><div class=\"ekit-heading elementskit-section-title-wraper text_center   ekit_heading_tablet-   ekit_heading_mobile-\"><h2 class=\"ekit-heading--title elementskit-section-title\">Globally delicious<\/h2><h3 class=\"ekit-heading--subtitle elementskit-section-subtitle\">\n\t\t\t\t\t\tSince 2009, above the boundaries of its domestic market, Palmary Group is resolutely\nengaged in an ambitious exportation strategy, currently shining in more than 30\ncountries around the world.\n\t\t\t\t\t<\/h3><\/div><\/div>\t\t\t\t<\/div>\n\t\t\t\t<\/div>\n\t\t\t\t\t<\/div>\n\t\t\t\t<\/div>\n\t\t<div class=\"elementor-element elementor-element-e8982b6 e-flex e-con-boxed e-con e-parent\" data-id=\"e8982b6\" data-element_type=\"container\" data-e-type=\"container\" data-settings=\"{&quot;background_background&quot;:&quot;classic&quot;}\">\n\t\t\t\t\t<div class=\"e-con-inner\">\n\t\t\t\t<div class=\"elementor-element elementor-element-989cd2e elementor-widget__width-initial elementor-widget elementor-widget-text-editor\" data-id=\"989cd2e\" data-element_type=\"widget\" data-e-type=\"widget\" data-widget_type=\"text-editor.default\">\n\t\t\t\t<div class=\"elementor-widget-container\">\n\t\t\t\t\t\t\t\t\t<p>With a particularly strong presence in Africa and the MENA region, Palmary Group\nexports towards many destinations, thus taking part in diversifying its revenues and\nconsolidating its position on the international scene.<br \/>The market portfolio of the group includes varied destinations, from Angola to United\nArab Emirates, Canada and the Netherlands. This international presence shows our\n\ncapacity to adapt to the specifications of each market and respond to the demanding\nquality of the consumers across the world.\nFor Palmary Group, export is more than a simple commercial activity, it is a commitment\ntowards excellence and innovation, carried by a passionate and devoted team.<br \/>Pour le groupe Palmary, l\u2019exportation est bien plus qu&rsquo;une simple activit\u00e9 commerciale, c&rsquo;est un engagement envers l&rsquo;excellence et l&rsquo;innovation, port\u00e9 par une \u00e9quipe d\u00e9vou\u00e9e et passionn\u00e9e.<\/p>\t\t\t\t\t\t\t\t<\/div>\n\t\t\t\t<\/div>\n\t\t\t\t<div class=\"elementor-element elementor-element-8fcab30 elementor-widget__width-inherit elementor-align-center elementor-widget elementor-widget-button\" data-id=\"8fcab30\" data-element_type=\"widget\" data-e-type=\"widget\" data-widget_type=\"button.default\">\n\t\t\t\t<div class=\"elementor-widget-container\">\n\t\t\t\t\t\t\t\t\t<div class=\"elementor-button-wrapper\">\n\t\t\t\t\t<a class=\"elementor-button elementor-button-link elementor-size-sm\" href=\"https:\/\/palmaryfood.com\/en\/cooperation-2\/\">\n\t\t\t\t\t\t<span class=\"elementor-button-content-wrapper\">\n\t\t\t\t\t\t\t\t\t<span class=\"elementor-button-text\">Collaborate<\/span>\n\t\t\t\t\t<\/span>\n\t\t\t\t\t<\/a>\n\t\t\t\t<\/div>\n\t\t\t\t\t\t\t\t<\/div>\n\t\t\t\t<\/div>\n\t\t\t\t\t<\/div>\n\t\t\t\t<\/div>\n\t\t\t\t<\/div>","protected":false},"excerpt":{"rendered":"<p>Globalement d\u00e9licieux Depuis 2009, au-del\u00e0 des fronti\u00e8res de son march\u00e9 domestique, le groupe Palmary est r\u00e9solument engag\u00e9 dans une strat\u00e9gie d&#039;exportation ambitieuse, rayonnant d\u00e9sormais dans plus de 30 pays \u00e0 travers le monde. Avec une pr\u00e9sence particuli\u00e8rement forte en Afrique et dans la r\u00e9gion MENA, le groupe Palmary exporte vers une multitude de destinations, contribuant [&hellip;]<\/p>","protected":false},"author":1,"featured_media":0,"parent":0,"menu_order":0,"comment_status":"closed","ping_status":"closed","template":"","meta":{"footnotes":""},"class_list":["post-93","page","type-page","status-publish","hentry"],"_links":{"self":[{"href":"https:\/\/palmaryfood.com\/en\/wp-json\/wp\/v2\/pages\/93","targetHints":{"allow":["GET"]}}],"collection":[{"href":"https:\/\/palmaryfood.com\/en\/wp-json\/wp\/v2\/pages"}],"about":[{"href":"https:\/\/palmaryfood.com\/en\/wp-json\/wp\/v2\/types\/page"}],"author":[{"embeddable":true,"href":"https:\/\/palmaryfood.com\/en\/wp-json\/wp\/v2\/users\/1"}],"replies":[{"embeddable":true,"href":"https:\/\/palmaryfood.com\/en\/wp-json\/wp\/v2\/comments?post=93"}],"version-history":[{"count":339,"href":"https:\/\/palmaryfood.com\/en\/wp-json\/wp\/v2\/pages\/93\/revisions"}],"predecessor-version":[{"id":11060,"href":"https:\/\/palmaryfood.com\/en\/wp-json\/wp\/v2\/pages\/93\/revisions\/11060"}],"wp:attachment":[{"href":"https:\/\/palmaryfood.com\/en\/wp-json\/wp\/v2\/media?parent=93"}],"curies":[{"name":"wp","href":"https:\/\/api.w.org\/{rel}","templated":true}]}}